{"id":15,"date":"2025-06-02T07:08:10","date_gmt":"2025-06-02T07:08:10","guid":{"rendered":"https:\/\/heartsoftheearth.com\/?page_id=15"},"modified":"2025-11-06T09:26:19","modified_gmt":"2025-11-06T09:26:19","slug":"participation-portal","status":"publish","type":"page","link":"http:\/\/heartsoftheearth.com\/de\/participation-portal\/","title":{"rendered":"Mitmach-Portal"},"content":{"rendered":"<div id=\"fws_69e20ca3abbd5\"  data-br=\"custom\" data-br-applies=\"bg\" data-column-margin=\"default\" data-midnight=\"light\" data-top-percent=\"11%\" data-bottom-percent=\"7%\"  class=\"wpb_row vc_row-fluid vc_row full-width-section  bl_br_40px br_br_40px top_padding_tablet_130px top_padding_phone_50px bottom_padding_tablet_70px bottom_padding_phone_40px\"  style=\"padding-top: calc(100vw * 0.11); padding-bottom: calc(100vw * 0.07); \"><div class=\"row-bg-wrap\" data-bg-animation=\"none\" data-bg-animation-delay=\"\" data-bg-overlay=\"true\"><div class=\"inner-wrap row-bg-layer using-image\" ><div class=\"row-bg viewport-desktop using-image using-bg-color\"  style=\"background-image: url(http:\/\/heartsoftheearth.com\/wp-content\/uploads\/2025\/06\/pexels-prasanthinturi-1051838.jpg); background-position: left top; background-repeat: no-repeat; background-color: rgba(255,255,255,0.8); \"><\/div><\/div><div class=\"row-bg-overlay row-bg-layer\" style=\"background-color:rgba(0,0,0,0.88);  opacity: 0.8; \"><\/div><\/div><div class=\"row_col_wrap_12 col span_12 light left\">\n\t<div  class=\"vc_col-sm-12 wpb_column column_container vc_column_container col centered-text no-extra-padding inherit_tablet inherit_phone\"  data-padding-pos=\"all\" data-has-bg-color=\"false\" data-bg-color=\"\" data-bg-opacity=\"1\" data-animation=\"\" data-delay=\"0\" >\n\t\t<div class=\"vc_column-inner\" >\n\t\t\t<div class=\"wpb_wrapper\">\n\t\t\t\t\n<div class=\"wpb_text_column wpb_content_element  wpb_animate_when_almost_visible wpb_fadeInUp fadeInUp\" >\n\t<div class=\"wpb_wrapper\">\n\t\t<h1 style=\"text-align: center;\">Das Mitmach-Portal<\/h1>\n\t<\/div>\n<\/div>\n\n\n\n<div class=\"nectar-next-section-wrap bounce alignment_tablet_default alignment_phone_default display_tablet_inherit display_phone_inherit font_size_desktop_70px\" style=\"margin-top: 50px; \" data-animation=\"default\" data-shad=\"none\" data-align=\"left\" data-custom-color=\"true\"><a href=\"#\" style=\"background-color: #8a9a5b;\" class=\"nectar-next-section skip-hash\"><span class=\"screen-reader-text\">Navigate to the next section<\/span> <i class=\"fa fa-angle-down\"><\/i> <\/a><\/div>\n\t\t\t<\/div> \n\t\t<\/div>\n\t<\/div> \n<\/div><\/div>\n\t\t<div id=\"fws_69e20ca3ac334\"  data-column-margin=\"default\" data-midnight=\"dark\" data-top-percent=\"5%\"  class=\"wpb_row vc_row-fluid vc_row full-width-section vc_row-o-equal-height vc_row-flex vc_row-o-content-middle parallax_section top_padding_tablet_50px top_padding_phone_40px\"  style=\"padding-top: calc(100vw * 0.05); padding-bottom: 0px; \"><div class=\"row-bg-wrap\" data-bg-animation=\"none\" data-bg-animation-delay=\"\" data-bg-overlay=\"true\"><div class=\"inner-wrap row-bg-layer using-image\" ><div class=\"row-bg viewport-desktop using-image\" data-parallax-speed=\"fixed\" style=\"background-image: url(http:\/\/heartsoftheearth.com\/wp-content\/uploads\/2025\/06\/nature1.jpg); background-position: left top; background-repeat: no-repeat; \"><\/div><\/div><div class=\"row-bg-overlay row-bg-layer\" style=\"background-color:#ffffff;  opacity: 0.95; \"><\/div><\/div><div class=\"row_col_wrap_12 col span_12 dark left\">\n\t<div  class=\"vc_col-sm-12 wpb_column column_container vc_column_container col no-extra-padding inherit_tablet inherit_phone\"  data-padding-pos=\"all\" data-has-bg-color=\"false\" data-bg-color=\"\" data-bg-opacity=\"1\" data-animation=\"\" data-delay=\"0\" >\n\t\t<div class=\"vc_column-inner\" >\n\t\t\t<div class=\"wpb_wrapper\">\n\t\t\t\t<div id=\"fws_69e20ca3ac612\" data-midnight=\"\" data-column-margin=\"30px\" class=\"wpb_row vc_row-fluid vc_row inner_row vc_row-o-equal-height vc_row-flex vc_row-o-content-middle\"  style=\"\"><div class=\"row-bg-wrap\"> <div class=\"row-bg\" ><\/div> <\/div><div class=\"row_col_wrap_12_inner col span_12  left\">\n\t<div  class=\"vc_col-sm-6 wpb_column column_container vc_column_container col child_column has-animation padding-3-percent padding-3-percent_tablet padding-3-percent_phone\"   data-border-radius=\"20px\" data-border-animation=\"\" data-border-animation-delay=\"\" data-border-width=\"2px\" data-border-style=\"solid\" data-border-color=\"#8a9a5b\" data-padding-pos=\"all\" data-has-bg-color=\"false\" data-bg-color=\"\" data-bg-opacity=\"1\" data-animation=\"fade-in-from-bottom\" data-delay=\"0\" >\n\t\t<div class=\"vc_column-inner\" style=\"border: 2px solid #8a9a5b;\">\n\t\t<div class=\"wpb_wrapper\">\n\t\t\t\n<div class=\"wpb_text_column wpb_content_element\" >\n\t<div class=\"wpb_wrapper\">\n\t\t<h2>Deine Geschenke an die Welt<\/h2>\n\t<\/div>\n<\/div>\n\n\n\n\n<div class=\"wpb_text_column wpb_content_element\" >\n\t<div class=\"wpb_wrapper\">\n\t\t<p class=\"translation-block\">F\u00fchlst du dich inspiriert, deine Zeit, deine F\u00e4higkeiten, dein k\u00fcnstlerisches K\u00f6nnen oder deine Weisheit einzubringen?<\/p>\n\t<\/div>\n<\/div>\n\n\n\n<div class=\"nectar-fancy-ul\" data-list-icon=\"fa fa-check-circle\" data-animation=\"false\" data-animation-delay=\"0\" data-color=\"accent-color\" data-spacing=\"5px\" data-alignment=\"left\"> Wir begr\u00fc\u00dfen:<\/p>\n<ul>\n<li>Freiwillige f\u00fcr lokale und globale Initiativen<\/li>\n<li>Raumhalter, Mentoren oder Ritualbegleiter<\/li>\n<li>Kreative, Kommunikatoren, Autoren, Designer<\/li>\n<li>\u00d6kologische Verwalter, Handwerkskunst und G\u00e4rtner<\/li>\n<li>Digitale Unterst\u00fctzer (Technik, Website, \u00dcbersetzung usw.)<\/li>\n<\/ul>\n <\/div><div class=\"divider-wrap\" data-alignment=\"default\"><div style=\"height: 20px;\" class=\"divider\"><\/div><\/div><a class=\"nectar-button large regular extra-color-1  wpb_animate_when_almost_visible wpb_slideInUp slideInUp regular-button\"  role=\"button\" style=\"\"  href=\"mailto:HeartsOfTheEarth@gmx.net\" data-color-override=\"false\" data-hover-color-override=\"false\" data-hover-text-color-override=\"#fff\"><span>Teile deine Gaben<\/span><\/a>\n\t\t<\/div> \n\t<\/div>\n\t<\/div> \n\n\t<div  class=\"vc_col-sm-6 wpb_column column_container vc_column_container col child_column has-animation padding-3-percent padding-3-percent_tablet padding-3-percent_phone\"   data-border-radius=\"20px\" data-border-animation=\"\" data-border-animation-delay=\"\" data-border-width=\"2px\" data-border-style=\"solid\" data-border-color=\"#8a9a5b\" data-padding-pos=\"all\" data-has-bg-color=\"false\" data-bg-color=\"\" data-bg-opacity=\"1\" data-animation=\"fade-in-from-bottom\" data-delay=\"150\" >\n\t\t<div class=\"vc_column-inner\" style=\"border: 2px solid #8a9a5b;\">\n\t\t<div class=\"wpb_wrapper\">\n\t\t\t\n<div class=\"wpb_text_column wpb_content_element\" >\n\t<div class=\"wpb_wrapper\">\n\t\t<h2>Unterst\u00fctzung mit Spenden &amp; F\u00f6rdermitteln<\/h2>\n\t<\/div>\n<\/div>\n\n\n\n\n<div class=\"wpb_text_column wpb_content_element\" >\n\t<div class=\"wpb_wrapper\">\n\t\t<p>Finanzielle Unterst\u00fctzung tr\u00e4gt dazu bei, dass diese Vision Wurzeln und Fl\u00fcgel bekommt.<\/p>\n\t<\/div>\n<\/div>\n\n\n\n<div class=\"nectar-fancy-ul\" data-list-icon=\"fa fa-check-circle\" data-animation=\"false\" data-animation-delay=\"0\" data-color=\"accent-color\" data-spacing=\"5px\" data-alignment=\"left\"> Wir suchen derzeit nach Mitteln f\u00fcr:<\/p>\n<ul>\n<li class=\"translation-block\">Land- und Schutzraumschaffung: Kauf und Schutz von Land f\u00fcr erdverbundene Gemeinschaften und Heilungsorte<\/li>\n<li class=\"translation-block\">Aufbau eines globalen Netzwerks: Unterst\u00fctzung von Versammlungen, Reisen f\u00fcr \u00c4ltere und Vernetzung zwischen Kulturen<\/li>\n<li class=\"translation-block\">Mentoring und Bildung: Schulung, Unterst\u00fctzung f\u00fcr aufstrebende Gruppen und regenerative Bildung<\/li>\n<li class=\"translation-block\">Living Systems Infrastructure: Plattformen, Technologie, Kommunikation und Ressourcenbibliotheken<\/li>\n<\/ul>\n <\/div><div class=\"divider-wrap\" data-alignment=\"default\"><div style=\"height: 20px;\" class=\"divider\"><\/div><\/div><a class=\"nectar-button large regular extra-color-1  wpb_animate_when_almost_visible wpb_slideInUp slideInUp regular-button\"  role=\"button\" style=\"\" target=\"_blank\" href=\"https:\/\/www.paypal.com\/paypalme\/HeartsOfTheEarth\" data-color-override=\"false\" data-hover-color-override=\"false\" data-hover-text-color-override=\"#fff\"><span>Spende und unterst\u00fctze die Vision<\/span><\/a>\n\t\t<\/div> \n\t<\/div>\n\t<\/div> \n<\/div><\/div>\n\t\t\t<\/div> \n\t\t<\/div>\n\t<\/div> \n<\/div><\/div>\n\t\t<div id=\"fws_69e20ca3acd4a\"  data-column-margin=\"default\" data-midnight=\"dark\"  class=\"wpb_row vc_row-fluid vc_row full-width-section vc_row-o-equal-height vc_row-flex vc_row-o-content-middle parallax_section\"  style=\"padding-top: 0px; padding-bottom: 0px; \"><div class=\"row-bg-wrap\" data-bg-animation=\"none\" data-bg-animation-delay=\"\" data-bg-overlay=\"true\"><div class=\"inner-wrap row-bg-layer using-image\" ><div class=\"row-bg viewport-desktop using-image\" data-parallax-speed=\"fixed\" style=\"background-image: url(http:\/\/heartsoftheearth.com\/wp-content\/uploads\/2025\/06\/nature1.jpg); background-position: left top; background-repeat: no-repeat; \"><\/div><\/div><div class=\"row-bg-overlay row-bg-layer\" style=\"background-color:#ffffff;  opacity: 0.95; \"><\/div><\/div><div class=\"row_col_wrap_12 col span_12 dark left\">\n\t<div  class=\"vc_col-sm-12 wpb_column column_container vc_column_container col no-extra-padding inherit_tablet inherit_phone\"  data-padding-pos=\"all\" data-has-bg-color=\"false\" data-bg-color=\"\" data-bg-opacity=\"1\" data-animation=\"\" data-delay=\"0\" >\n\t\t<div class=\"vc_column-inner\" >\n\t\t\t<div class=\"wpb_wrapper\">\n\t\t\t\t<div id=\"fws_69e20ca3acf03\" data-midnight=\"\" data-column-margin=\"default\" class=\"wpb_row vc_row-fluid vc_row inner_row vc_row-o-equal-height vc_row-flex vc_row-o-content-middle\"  style=\"\"><div class=\"row-bg-wrap\"> <div class=\"row-bg\" ><\/div> <\/div><div class=\"row_col_wrap_12_inner col span_12  left\">\n\t<div style=\" color: #ffffff;\" class=\"vc_col-sm-12 wpb_column column_container vc_column_container col child_column centered-text has-animation padding-4-percent padding-4-percent_tablet padding-3-percent_phone\" data-cfc=\"true\" data-using-bg=\"true\" data-border-radius=\"20px\" data-bg-cover=\"true\" data-overlay-color=\"true\" data-padding-pos=\"all\" data-has-bg-color=\"false\" data-bg-color=\"\" data-bg-opacity=\"1\" data-animation=\"grow-in\" data-delay=\"0\" >\n\t\t<div class=\"vc_column-inner\" ><div class=\"column-image-bg-wrap column-bg-layer viewport-desktop\" data-bg-pos=\"center center\" data-bg-animation=\"none\" data-bg-overlay=\"true\"><div class=\"inner-wrap\"><div class=\"column-image-bg\" style=\" background-image: url('http:\/\/heartsoftheearth.com\/wp-content\/uploads\/2025\/06\/pexels-lucastranimages-27219983.jpg'); \"><\/div><\/div><\/div><div class=\"column-bg-overlay-wrap column-bg-layer\" data-bg-animation=\"none\"><div class=\"column-bg-overlay\"><\/div><div class=\"column-overlay-layer\" style=\"background-color:#4b8c4b;  opacity: 0.8; \"><\/div><\/div>\n\t\t<div class=\"wpb_wrapper\">\n\t\t\t\n<div class=\"wpb_text_column wpb_content_element  wpb_animate_when_almost_visible wpb_fadeInUp fadeInUp\" style=\" max-width: 750px; display: inline-block;\">\n\t<div class=\"wpb_wrapper\">\n\t\t<h3 style=\"text-align: center;\">\u201eDeine Gro\u00dfz\u00fcgigkeit n\u00e4hrt lebendige Samen der Verbundenheit auf der ganzen Welt.\u201c<\/h3>\n\t<\/div>\n<\/div>\n\n\n\n\n\t\t<\/div> \n\t<\/div>\n\t<\/div> \n<\/div><\/div>\n\t\t\t<\/div> \n\t\t<\/div>\n\t<\/div> \n<\/div><\/div>\n\t\t<div id=\"fws_69e20ca3ad415\"  data-column-margin=\"default\" data-midnight=\"dark\" data-top-percent=\"3%\" data-bottom-percent=\"5%\"  class=\"wpb_row vc_row-fluid vc_row full-width-section vc_row-o-equal-height vc_row-flex vc_row-o-content-middle parallax_section top_padding_tablet_50px top_padding_phone_40px bottom_padding_tablet_50px bottom_padding_phone_40px\"  style=\"padding-top: calc(100vw * 0.03); padding-bottom: calc(100vw * 0.05); \"><div class=\"row-bg-wrap\" data-bg-animation=\"none\" data-bg-animation-delay=\"\" data-bg-overlay=\"true\"><div class=\"inner-wrap row-bg-layer using-image\" ><div class=\"row-bg viewport-desktop using-image\" data-parallax-speed=\"fixed\" style=\"background-image: url(http:\/\/heartsoftheearth.com\/wp-content\/uploads\/2025\/06\/nature1.jpg); background-position: left top; background-repeat: no-repeat; \"><\/div><\/div><div class=\"row-bg-overlay row-bg-layer\" style=\"background-color:#ffffff;  opacity: 0.95; \"><\/div><\/div><div class=\"row_col_wrap_12 col span_12 dark left\">\n\t<div  class=\"vc_col-sm-12 wpb_column column_container vc_column_container col no-extra-padding inherit_tablet inherit_phone\"  data-padding-pos=\"all\" data-has-bg-color=\"false\" data-bg-color=\"\" data-bg-opacity=\"1\" data-animation=\"\" data-delay=\"0\" >\n\t\t<div class=\"vc_column-inner\" >\n\t\t\t<div class=\"wpb_wrapper\">\n\t\t\t\t\n\t\t\t<\/div> \n\t\t<\/div>\n\t<\/div> \n<\/div><\/div>\n\t\t<div id=\"fws_69e20ca3ad7d5\"  data-column-margin=\"default\" data-midnight=\"dark\" data-top-percent=\"4%\" data-bottom-percent=\"5%\"  class=\"wpb_row vc_row-fluid vc_row full-width-section vc_row-o-equal-height vc_row-flex vc_row-o-content-middle  top_padding_tablet_50px top_padding_phone_40px bottom_padding_tablet_50px bottom_padding_phone_40px\"  style=\"padding-top: calc(100vw * 0.04); padding-bottom: calc(100vw * 0.05); \"><div class=\"row-bg-wrap\" data-bg-animation=\"none\" data-bg-animation-delay=\"\" data-bg-overlay=\"false\"><div class=\"inner-wrap row-bg-layer using-image\" ><div class=\"row-bg viewport-desktop using-image\"  style=\"background-image: url(http:\/\/heartsoftheearth.com\/wp-content\/uploads\/2025\/06\/923250_OCI9BD1-1.png); background-position: left top; background-repeat: no-repeat; \"><\/div><\/div><div class=\"row-bg-overlay row-bg-layer\" style=\"background:linear-gradient(0deg, rgb(255,255,255) 7%, rgba(255,255,255,0.594) 54%, rgb(255,255,255) 97%);\"><\/div><\/div><div class=\"row_col_wrap_12 col span_12 dark left\">\n\t<div  class=\"vc_col-sm-12 wpb_column column_container vc_column_container col no-extra-padding inherit_tablet inherit_phone\"  data-padding-pos=\"all\" data-has-bg-color=\"false\" data-bg-color=\"\" data-bg-opacity=\"1\" data-animation=\"\" data-delay=\"0\" >\n\t\t<div class=\"vc_column-inner\" >\n\t\t\t<div class=\"wpb_wrapper\">\n\t\t\t\t<div id=\"fws_69e20ca3ad9a3\" data-midnight=\"\" data-column-margin=\"default\" class=\"wpb_row vc_row-fluid vc_row inner_row vc_row-o-equal-height vc_row-flex vc_row-o-content-middle reverse_columns_column_tablet reverse_columns_column_phone\"  style=\"padding-bottom: 30px; \"><div class=\"row-bg-wrap\"> <div class=\"row-bg\" ><\/div> <\/div><div class=\"row_col_wrap_12_inner col span_12  left\">\n\t<div  class=\"vc_col-sm-6 wpb_column column_container vc_column_container col child_column no-extra-padding force-tablet-text-align-center force-phone-text-align-center inherit_tablet inherit_phone\"   data-padding-pos=\"all\" data-has-bg-color=\"false\" data-bg-color=\"\" data-bg-opacity=\"1\" data-animation=\"\" data-delay=\"0\" >\n\t\t<div class=\"vc_column-inner\" >\n\t\t<div class=\"wpb_wrapper\">\n\t\t\t\n<div class=\"wpb_text_column wpb_content_element  wpb_animate_when_almost_visible wpb_fadeInUp fadeInUp vc_custom_1762421176998\" style=\" max-width: 505px; display: inline-block;\">\n\t<div class=\"wpb_wrapper\">\n\t\t<h2>Eine Vision die lebt - getragen von uns allen<\/h2>\n\t<\/div>\n<\/div>\n\n\n\n<div class=\"divider-wrap\" data-alignment=\"default\"><div style=\"height: 1px;\" class=\"divider\"><\/div><\/div>\n<div class=\"wpb_text_column wpb_content_element  wpb_animate_when_almost_visible wpb_slideInUp slideInUp\" style=\" max-width: 505px; display: inline-block;\">\n\t<div class=\"wpb_wrapper\">\n\t\t<p>Hearts of Earth ist eine lebendige Vision, die aus unserem Herzenswunsch entstanden ist, eine neue Art des Zusammenlebens in harmonischer Beziehung zueinander, zur Erde und zu allem Leben zu schaffen.<\/p>\n<p>Was heute \u00fcberall auf der Welt gebaut wird, sind nicht nur Projekte oder Orte, sondern ein neues Feld von Verbindung, Kreativit\u00e4t und F\u00fcrsorge. Eine Vision, die im Herzen erwacht und sich durch jede Hand, jede Stimme und jede Pr\u00e4senz von uns allen formt.<\/p>\n<p>Jede Aktion \u2013 ob du deine Gaben anbietest, einem Kreis beitrittst, spendest, einen Raum gr\u00fcndest oder einfach nur die Vision teilst \u2013 tr\u00e4gt dazu bei, dass die Neue Erde zum Leben erwacht. Du musst es nicht alleine tun. Wir tun es gemeinsam.<\/p>\n\t<\/div>\n<\/div>\n\n\n\n\n\t\t<\/div> \n\t<\/div>\n\t<\/div> \n\n\t<div  class=\"vc_col-sm-6 vc_col-xs-12 wpb_column column_container vc_column_container col child_column no-extra-padding inherit_tablet inherit_phone\"   data-padding-pos=\"all\" data-has-bg-color=\"false\" data-bg-color=\"\" data-bg-opacity=\"1\" data-animation=\"\" data-delay=\"0\" >\n\t\t<div class=\"vc_column-inner\" >\n\t\t<div class=\"wpb_wrapper\">\n\t\t\t<div class=\"img-with-aniamtion-wrap  custom-width-400px custom-width-tablet-300px custom-width-phone-170px mask_shape_circle mask_size_contain translate_x_desktop_-80px translate_x_tablet_0px translate_x_phone_0px z_index_-1\" data-max-width=\"custom\" data-max-width-mobile=\"default\" data-shadow=\"none\" data-animation=\"none\" >\n      <div class=\"inner\">\n        <div class=\"hover-wrap\"> \n          <div class=\"hover-wrap-inner\">\n            <img loading=\"lazy\" decoding=\"async\" class=\"img-with-animation skip-lazy\" data-delay=\"0\" height=\"1024\" width=\"1024\" data-animation=\"none\" src=\"http:\/\/heartsoftheearth.com\/wp-content\/uploads\/2025\/06\/ConnectinggloballyGRA.jpg\" alt=\"\" srcset=\"http:\/\/heartsoftheearth.com\/wp-content\/uploads\/2025\/06\/ConnectinggloballyGRA.jpg 1024w, http:\/\/heartsoftheearth.com\/wp-content\/uploads\/2025\/06\/ConnectinggloballyGRA-300x300.jpg 300w, http:\/\/heartsoftheearth.com\/wp-content\/uploads\/2025\/06\/ConnectinggloballyGRA-150x150.jpg 150w, http:\/\/heartsoftheearth.com\/wp-content\/uploads\/2025\/06\/ConnectinggloballyGRA-768x768.jpg 768w, http:\/\/heartsoftheearth.com\/wp-content\/uploads\/2025\/06\/ConnectinggloballyGRA-140x140.jpg 140w, http:\/\/heartsoftheearth.com\/wp-content\/uploads\/2025\/06\/ConnectinggloballyGRA-100x100.jpg 100w, http:\/\/heartsoftheearth.com\/wp-content\/uploads\/2025\/06\/ConnectinggloballyGRA-500x500.jpg 500w, http:\/\/heartsoftheearth.com\/wp-content\/uploads\/2025\/06\/ConnectinggloballyGRA-350x350.jpg 350w, http:\/\/heartsoftheearth.com\/wp-content\/uploads\/2025\/06\/ConnectinggloballyGRA-1000x1000.jpg 1000w, http:\/\/heartsoftheearth.com\/wp-content\/uploads\/2025\/06\/ConnectinggloballyGRA-800x800.jpg 800w\" sizes=\"auto, (max-width: 1024px) 100vw, 1024px\" \/>\n          <\/div>\n        <\/div>\n      <\/div>\n    <\/div><div class=\"img-with-aniamtion-wrap  nectar-el-parallax-scroll custom-width-400px custom-width-tablet-300px custom-width-phone-170px mask_shape_circle mask_size_contain position_desktop_absolute top_position_desktop_50pct top_position_tablet_0px top_position_phone_0px left_position_desktop_70px left_position_tablet_80px translate_y_desktop_-50pct translate_y_tablet_0px translate_y_phone_0px z_index_10\" data-max-width=\"custom\" data-max-width-mobile=\"default\" data-shadow=\"none\" data-animation=\"none\" data-scroll-animation=\"true\" data-scroll-animation-movement=\"transform_x\" data-scroll-animation-mobile=\"true\" data-scroll-animation-intensity=\"2\" >\n      <div class=\"inner\">\n        <div class=\"hover-wrap\"> \n          <div class=\"hover-wrap-inner\">\n            <img loading=\"lazy\" decoding=\"async\" class=\"img-with-animation skip-lazy\" data-delay=\"0\" height=\"1024\" width=\"1024\" data-animation=\"none\" src=\"http:\/\/heartsoftheearth.com\/wp-content\/uploads\/2025\/06\/Connectingglobally1221.jpg\" alt=\"\" srcset=\"http:\/\/heartsoftheearth.com\/wp-content\/uploads\/2025\/06\/Connectingglobally1221.jpg 1024w, http:\/\/heartsoftheearth.com\/wp-content\/uploads\/2025\/06\/Connectingglobally1221-300x300.jpg 300w, http:\/\/heartsoftheearth.com\/wp-content\/uploads\/2025\/06\/Connectingglobally1221-150x150.jpg 150w, http:\/\/heartsoftheearth.com\/wp-content\/uploads\/2025\/06\/Connectingglobally1221-768x768.jpg 768w, http:\/\/heartsoftheearth.com\/wp-content\/uploads\/2025\/06\/Connectingglobally1221-140x140.jpg 140w, http:\/\/heartsoftheearth.com\/wp-content\/uploads\/2025\/06\/Connectingglobally1221-100x100.jpg 100w, http:\/\/heartsoftheearth.com\/wp-content\/uploads\/2025\/06\/Connectingglobally1221-500x500.jpg 500w, http:\/\/heartsoftheearth.com\/wp-content\/uploads\/2025\/06\/Connectingglobally1221-350x350.jpg 350w, http:\/\/heartsoftheearth.com\/wp-content\/uploads\/2025\/06\/Connectingglobally1221-1000x1000.jpg 1000w, http:\/\/heartsoftheearth.com\/wp-content\/uploads\/2025\/06\/Connectingglobally1221-800x800.jpg 800w\" sizes=\"auto, (max-width: 1024px) 100vw, 1024px\" \/>\n          <\/div>\n        <\/div>\n      <\/div>\n    <\/div><div class=\"img-with-aniamtion-wrap  nectar-el-parallax-scroll custom-width-400px custom-width-tablet-300px custom-width-phone-170px mask_shape_circle mask_size_contain position_desktop_absolute top_position_desktop_50pct top_position_tablet_0px top_position_phone_0px left_position_desktop_230px left_position_tablet_120px translate_y_desktop_-50pct translate_y_tablet_0px translate_y_phone_0px z_index_20\" data-max-width=\"custom\" data-max-width-mobile=\"default\" data-shadow=\"none\" data-animation=\"none\" data-scroll-animation=\"true\" data-scroll-animation-movement=\"transform_x\" data-scroll-animation-mobile=\"true\" data-scroll-animation-intensity=\"3\" >\n      <div class=\"inner\">\n        <div class=\"hover-wrap\"> \n          <div class=\"hover-wrap-inner\">\n            <img loading=\"lazy\" decoding=\"async\" class=\"img-with-animation skip-lazy\" data-delay=\"0\" height=\"1024\" width=\"1024\" data-animation=\"none\" src=\"http:\/\/heartsoftheearth.com\/wp-content\/uploads\/2025\/06\/Connectingglobally11.jpg\" alt=\"\" srcset=\"http:\/\/heartsoftheearth.com\/wp-content\/uploads\/2025\/06\/Connectingglobally11.jpg 1024w, http:\/\/heartsoftheearth.com\/wp-content\/uploads\/2025\/06\/Connectingglobally11-300x300.jpg 300w, http:\/\/heartsoftheearth.com\/wp-content\/uploads\/2025\/06\/Connectingglobally11-150x150.jpg 150w, http:\/\/heartsoftheearth.com\/wp-content\/uploads\/2025\/06\/Connectingglobally11-768x768.jpg 768w, http:\/\/heartsoftheearth.com\/wp-content\/uploads\/2025\/06\/Connectingglobally11-140x140.jpg 140w, http:\/\/heartsoftheearth.com\/wp-content\/uploads\/2025\/06\/Connectingglobally11-100x100.jpg 100w, http:\/\/heartsoftheearth.com\/wp-content\/uploads\/2025\/06\/Connectingglobally11-500x500.jpg 500w, http:\/\/heartsoftheearth.com\/wp-content\/uploads\/2025\/06\/Connectingglobally11-350x350.jpg 350w, http:\/\/heartsoftheearth.com\/wp-content\/uploads\/2025\/06\/Connectingglobally11-1000x1000.jpg 1000w, http:\/\/heartsoftheearth.com\/wp-content\/uploads\/2025\/06\/Connectingglobally11-800x800.jpg 800w\" sizes=\"auto, (max-width: 1024px) 100vw, 1024px\" \/>\n          <\/div>\n        <\/div>\n      <\/div>\n    <\/div><div class=\"divider-wrap height_tablet_40px height_phone_30px\" data-alignment=\"default\"><div style=\"height: 1px;\" class=\"divider\"><\/div><\/div>\n\t\t<\/div> \n\t<\/div>\n\t<\/div> \n<\/div><\/div>\n\t\t\t<\/div> \n\t\t<\/div>\n\t<\/div> \n<\/div><\/div>\n\t\t<div id=\"fws_69e20ca3ae87c\"  data-column-margin=\"default\" data-midnight=\"dark\" data-bottom-percent=\"5%\"  class=\"wpb_row vc_row-fluid vc_row full-width-section email-cta bottom_padding_tablet_50px bottom_padding_phone_40px\"  style=\"padding-top: 0px; padding-bottom: calc(100vw * 0.05); \"><div class=\"row-bg-wrap\" data-bg-animation=\"none\" data-bg-animation-delay=\"\" data-bg-overlay=\"false\"><div class=\"inner-wrap row-bg-layer\" ><div class=\"row-bg viewport-desktop\"  style=\"\"><\/div><\/div><\/div><div class=\"row_col_wrap_12 col span_12 dark left\">\n\t<div  class=\"vc_col-sm-12 wpb_column column_container vc_column_container col centered-text no-extra-padding inherit_tablet inherit_phone\"  data-padding-pos=\"all\" data-has-bg-color=\"false\" data-bg-color=\"\" data-bg-opacity=\"1\" data-animation=\"\" data-delay=\"0\" >\n\t\t<div class=\"vc_column-inner\" >\n\t\t\t<div class=\"wpb_wrapper\">\n\t\t\t\t\n<div class=\"wpb_text_column wpb_content_element  wpb_animate_when_almost_visible wpb_fadeInUp fadeInUp\" >\n\t<div class=\"wpb_wrapper\">\n\t\t<h3>Im Kreis der Zugeh\u00f6rigkeit, hei\u00dfen wir dich willkommen.<\/h3>\n\t<\/div>\n<\/div>\n\n\n\n<a class=\"nectar-button large regular extra-color-1  regular-button\"  role=\"button\" style=\"\"  href=\"mailto:HeartsOfTheEarth@gmx.net\" data-color-override=\"false\" data-hover-color-override=\"false\" data-hover-text-color-override=\"#fff\"><span>Kontaktiere uns<\/span><\/a>\n\t\t\t<\/div> \n\t\t<\/div>\n\t<\/div> \n<\/div><\/div>","protected":false},"excerpt":{"rendered":"The Participation Portal Navigate to the next section Offer Your Gifts Do you feel inspired to contribute your time, skills, artistry, or wisdom? We welcome: Volunteers for local and global...","protected":false},"author":1,"featured_media":0,"parent":0,"menu_order":0,"comment_status":"closed","ping_status":"closed","template":"","meta":{"footnotes":""},"class_list":["post-15","page","type-page","status-publish"],"_links":{"self":[{"href":"http:\/\/heartsoftheearth.com\/de\/wp-json\/wp\/v2\/pages\/15","targetHints":{"allow":["GET"]}}],"collection":[{"href":"http:\/\/heartsoftheearth.com\/de\/wp-json\/wp\/v2\/pages"}],"about":[{"href":"http:\/\/heartsoftheearth.com\/de\/wp-json\/wp\/v2\/types\/page"}],"author":[{"embeddable":true,"href":"http:\/\/heartsoftheearth.com\/de\/wp-json\/wp\/v2\/users\/1"}],"replies":[{"embeddable":true,"href":"http:\/\/heartsoftheearth.com\/de\/wp-json\/wp\/v2\/comments?post=15"}],"version-history":[{"count":19,"href":"http:\/\/heartsoftheearth.com\/de\/wp-json\/wp\/v2\/pages\/15\/revisions"}],"predecessor-version":[{"id":1083,"href":"http:\/\/heartsoftheearth.com\/de\/wp-json\/wp\/v2\/pages\/15\/revisions\/1083"}],"wp:attachment":[{"href":"http:\/\/heartsoftheearth.com\/de\/wp-json\/wp\/v2\/media?parent=15"}],"curies":[{"name":"wp","href":"https:\/\/api.w.org\/{rel}","templated":true}]}}